{"id":8599,"date":"2024-05-07T13:53:39","date_gmt":"2024-05-07T11:53:39","guid":{"rendered":"https:\/\/elviaelectronics.com\/mentions-legales\/"},"modified":"2024-05-07T14:07:33","modified_gmt":"2024-05-07T12:07:33","slug":"mentions-legales","status":"publish","type":"page","link":"https:\/\/elviaelectronics.com\/en\/mentions-legales\/","title":{"rendered":"Mentions L\u00e9gales"},"content":{"rendered":"\n<div class=\"wp-block-group\"><div class=\"wp-block-group__inner-container is-layout-constrained wp-block-group-is-layout-constrained\">\n<h1 class=\"wp-block-heading\">Mentions l\u00e9gales<\/h1>\n<\/div><\/div>\n\n<div class=\"wp-block-group\"><div class=\"wp-block-group__inner-container is-layout-constrained wp-block-group-is-layout-constrained\">\n<p>Le site \u00ab Elvia PCB Group \u00bb ainsi que tous ses composants sont la propri\u00e9t\u00e9 de la soci\u00e9t\u00e9 Elvia PCB Group<br\/>Si\u00e8ge social : 1 avenue Ochsenfurt, 50200 COUTANCES FRANCE<br\/>T\u00e9l. +33(0)2 33 76 32 00<br\/>Directeur de la publication : Madame C\u00e9line Giron<\/p>\n\n\n\n<h2 class=\"wp-block-heading\">ENGAGEMENT PRIS PAR LE SITE<\/h2>\n\n\n\n<p>Le contenu du site respecte les lois en vigueur et notamment :<\/p>\n\n\n\n<p>La loi sur la libert\u00e9 de la presse de sorte qu\u2019aucun \u00e9crit, image ou son \u00e0 caract\u00e8re diffamatoire, raciste ou r\u00e9visionniste ne sera mis en ligne ;<\/p>\n\n\n\n<p>Conform\u00e9ment \u00e0 l\u2019article 227-24 du Code p\u00e9nal relatif \u00e0 la protection des mineurs, aucun message \u00e0 caract\u00e8re violent, pornographique ou portant gravement atteinte \u00e0 la dignit\u00e9 humaine susceptible d\u2019\u00eatre vu ou per\u00e7u par un mineur ne sera mis en ligne ;<\/p>\n\n\n\n<p>Aucune reproduction d\u2019une \u0153uvre prot\u00e9g\u00e9e ou d\u2019une marque sans l\u2019accord de son auteur, de ses ayants droit ou de son titulaire ne sera mise en ligne.<\/p>\n\n\n\n<p>Conform\u00e9ment \u00e0 la loi LCEN du 22 juin 2004, un droit de r\u00e9ponse est ouvert \u00e0 toute personne nomm\u00e9e ou d\u00e9sign\u00e9e sur le site. La demande doit \u00eatre faite au directeur de publication au plus tard dans les trois mois de la mise \u00e0 disposition du public du message justifiant cette demande. Cette insertion est gratuite et se fera dans un d\u00e9lai de trois jours de la r\u00e9ception de la demande, mais ne pourra en aucun cas d\u00e9passer deux cent lignes.<\/p>\n\n\n\n<h2 class=\"wp-block-heading\">LOI INFORMATIQUE, FICHIERS ET LIBERT\u00c9S ET PROTECTION DES DONN\u00c9ES PERSONNELLES SUR LE SITE DE ELVIA PCB GROUP<\/h2>\n\n\n\n<p>Les utilisateurs du site sont tenus de respecter les dispositions de la loi informatique, fichiers et libert\u00e9s, dont la violation est passible de sanctions p\u00e9nales. Ils doivent notamment s\u2019abstenir, s\u2019agissant des informations nominatives auxquelles ils acc\u00e8dent, de toute collecte, de toute utilisation d\u00e9tourn\u00e9e et, d\u2019une mani\u00e8re g\u00e9n\u00e9rale, de tout acte susceptible de porter atteinte \u00e0 la vie priv\u00e9e ou \u00e0 la r\u00e9putation des personnes.<\/p>\n\n\n\n<h2 class=\"wp-block-heading\">LIMITATION DE RESPONSABILIT\u00c9<\/h2>\n\n\n\n<p>La Soci\u00e9t\u00e9 Elvia PCB Group ne pourra \u00eatre tenus pour responsable de tout dommage direct et\/ou indirect r\u00e9sultant de l\u2019utilisation faite par le client du site et\/ou de toute information qu\u2019il contient.<\/p>\n\n\n\n<p>Le site Elvia PCB Group peut renvoyer l\u2019utilisateur \u00e0 d\u2019autres sites internet par le biais de liens hypertexte. Ces liens ont \u00e9t\u00e9 ins\u00e9r\u00e9s dans le site Elvia PCB Group avec l\u2019autorisation des titulaires des sites li\u00e9s. En tout \u00e9tat de cause, la Soci\u00e9t\u00e9 Elvia PCB Group ne saurait \u00eatre responsable du contenu de ses sites, lesquels rel\u00e8vent de l\u2019enti\u00e8re responsabilit\u00e9 de leurs titulaires.<\/p>\n\n\n\n<p>Certains dangers sont inh\u00e9rents \u00e0 l\u2019utilisation de l\u2019internet et l\u2019utilisateur est mis en garde quant \u00e0 la n\u00e9cessit\u00e9 de prendre en compte les risques potentiels (toute infection par virus d\u2019ordinateur, tout bogue, tout ralentissement etc\u2026) avant de proc\u00e9der \u00e0 la consultation du site Elvia PCB Group<\/p>\n\n\n\n<h2 class=\"wp-block-heading\">FOURNISSEUR D\u2019H\u00c9BERGEMENT<\/h2>\n\n\n\n<p>INFOMANIAK NETWORK SA \u2013 Rue Eug\u00e8ne-Marziano 25, 1227 Gen\u00e8ve, Suisse<\/p>\n\n\n\n<h2 class=\"wp-block-heading\">DROIT D\u2019ACC\u00c8S, DE MODIFICATION, DE RECTIFICATION ET DE SUPPRESSION DES DONN\u00c9ES<\/h2>\n\n\n\n<p>Les utilisateurs disposent d\u2019un droit d\u2019acc\u00e8s, de modification, de rectification et de suppression des donn\u00e9es les concernant conform\u00e9ment \u00e0 ce qu\u2019\u00e9noncent les articles 39 et 40 de la loi du 6 janvier 1978 modifi\u00e9e par la loi du 6 ao\u00fbt 2004. Pour l\u2019exercer, vous pouvez vous adresser directement \u00e0 la Soci\u00e9t\u00e9 Elvia PCB Group par courriel ou par courrier adress\u00e9 \u00e0 la Soci\u00e9t\u00e9 Elvia PCB,\u00a0Avenue d\u2019Ochsenfurt, 50200 Coutances en pr\u00e9cisant \u00ab Service Gestion des donn\u00e9es personnelles \u00bb<\/p>\n\n\n\n<p>Les messages envoy\u00e9s sur le r\u00e9seau internet peuvent \u00eatre intercept\u00e9s. Ne divulguez pas d\u2019informations personnelles sensibles. Si vous souhaitez nous communiquer des informations confidentielles, nous vous conseillons d\u2019utiliser la voie postale.<\/p>\n\n\n\n<h2 class=\"wp-block-heading\">PROPRI\u00c9T\u00c9 INTELLECTUELLE \u2013 DROIT D\u2019AUTEUR \u2013 COPYRIGHT<\/h2>\n\n\n\n<p>Photos du site : iStock et Christian Foutrel.<\/p>\n\n\n\n<p>Le contenu de ce site rel\u00e8ve de la l\u00e9gislation fran\u00e7aise et internationale sur le droit d\u2019auteur et la propri\u00e9t\u00e9 intellectuelle.<\/p>\n\n\n\n<p>La Soci\u00e9t\u00e9 Elvia PCB Group conserve tous les droits patrimoniaux et moraux li\u00e9s aux documents de ce site, sous r\u00e9serve des droits dont b\u00e9n\u00e9ficient les auteurs d\u2019\u0153uvres publi\u00e9es sur ce site. Ainsi, tous les droits de reproduction, sur supports \u00e9lectroniques ou papier, sont-ils r\u00e9serv\u00e9s, y compris pour les documents t\u00e9l\u00e9chargeables et les repr\u00e9sentations iconographiques et\/ou photographiques.<\/p>\n\n\n\n<p>Les visiteurs du site internet Elvia PCB Group s\u2019interdisent la collecte, la captation, la d\u00e9formation ou l\u2019utilisation des informations auxquelles ils ont acc\u00e8s.<\/p>\n\n\n\n<p>La Soci\u00e9t\u00e9 Elvia PCB Group poursuivra en justice toute tentative de d\u00e9tournement des documentations du site.<\/p>\n\n\n\n<h2 class=\"wp-block-heading\">D\u00c9CLARATION \u00c0 LA CNIL<\/h2>\n\n\n\n<p>Conform\u00e9ment \u00e0 la loi du 6 janvier 1978 modifi\u00e9e par la loi du 6 ao\u00fbt 2004 relative \u00e0 l\u2019informatique, aux fichiers et aux libert\u00e9s, ainsi que son d\u00e9cret d\u2019application du 17 juillet 1978 et \u00e0 l\u2019article 43 de la loi du 30 septembre 1986 modifi\u00e9e, le site a fait l\u2019objet d\u2019une d\u00e9claration aupr\u00e8s de la Commission Nationale Informatique et Libert\u00e9s (CNIL)<\/p>\n\n\n\n<p>Les donn\u00e9es personnelles collect\u00e9es sont destin\u00e9es \u00e0 fournir \u00e0 l\u2019utilisateur les produits et services propos\u00e9s par ce site et ne seront pas utilis\u00e9es \u00e0 des fins non pr\u00e9vues par les pr\u00e9sentes mentions l\u00e9gales. A cette fin, toutes les r\u00e9ponses demand\u00e9es sont strictement n\u00e9cessaires \u00e0 la fourniture du produit ou service concern\u00e9. En cas de r\u00e9ponse incompl\u00e8te ou d\u2019absence d\u2019une r\u00e9ponse, l\u2019utilisateur s\u2019expose \u00e0 ne pas se voir fourni le produit ou service sollicit\u00e9. Les messages \u00e9lectroniques et donn\u00e9es nominatives envoy\u00e9s \u00e0 Elvia PCB Group sont conserv\u00e9s durant une p\u00e9riode maximale de 3 ans.<\/p>\n\n\n\n<h2 class=\"wp-block-heading\">NON CESSION DU FICHIER CLIENT<\/h2>\n\n\n\n<p>La Soci\u00e9t\u00e9 Elvia PCB Group est le seul destinataire des donn\u00e9es personnelles et ne proc\u00e8dera pas \u00e0 la cession de son fichier client.<\/p>\n\n\n\n<h2 class=\"wp-block-heading\">CONTACT<\/h2>\n\n\n\n<p>Contactez-nous directement pour toute information. En vous remerciant de l\u2019int\u00e9r\u00eat que vous portez \u00e0 notre site, nous vous souhaitons une bonne navigation.<\/p>\n<\/div><\/div>\n","protected":false},"excerpt":{"rendered":"<p>Mentions l\u00e9gales Le site \u00ab Elvia PCB Group \u00bb ainsi que tous ses composants sont la propri\u00e9t\u00e9 de la soci\u00e9t\u00e9 Elvia PCB GroupSi\u00e8ge social : 1 avenue Ochsenfurt, 50200 COUTANCES FRANCET\u00e9l. +33(0)2 33 76 32 00Directeur de la publication : Madame C\u00e9line Giron ENGAGEMENT PRIS PAR LE SITE Le contenu du site respecte les lois [&hellip;]<\/p>\n","protected":false},"author":1,"featured_media":0,"parent":0,"menu_order":0,"comment_status":"closed","ping_status":"closed","template":"","meta":{"footnotes":""},"class_list":["post-8599","page","type-page","status-publish","hentry"],"yoast_head":"<!-- This site is optimized with the Yoast SEO plugin v27.2 - https:\/\/yoast.com\/product\/yoast-seo-wordpress\/ -->\n<title>Mentions L\u00e9gales - elvia electronics<\/title>\n<meta name=\"robots\" content=\"noindex, nofollow\" \/>\n<meta property=\"og:locale\" content=\"en_US\" \/>\n<meta property=\"og:type\" content=\"article\" \/>\n<meta property=\"og:title\" content=\"Mentions L\u00e9gales - elvia electronics\" \/>\n<meta property=\"og:description\" content=\"Mentions l\u00e9gales Le site \u00ab Elvia PCB Group \u00bb ainsi que tous ses composants sont la propri\u00e9t\u00e9 de la soci\u00e9t\u00e9 Elvia PCB GroupSi\u00e8ge social : 1 avenue Ochsenfurt, 50200 COUTANCES FRANCET\u00e9l. +33(0)2 33 76 32 00Directeur de la publication : Madame C\u00e9line Giron ENGAGEMENT PRIS PAR LE SITE Le contenu du site respecte les lois [&hellip;]\" \/>\n<meta property=\"og:url\" content=\"https:\/\/elviaelectronics.com\/en\/mentions-legales\/\" \/>\n<meta property=\"og:site_name\" content=\"elvia electronics\" \/>\n<meta property=\"article:modified_time\" content=\"2024-05-07T12:07:33+00:00\" \/>\n<meta name=\"twitter:card\" content=\"summary_large_image\" \/>\n<meta name=\"twitter:label1\" content=\"Est. reading time\" \/>\n\t<meta name=\"twitter:data1\" content=\"5 minutes\" \/>\n<script type=\"application\/ld+json\" class=\"yoast-schema-graph\">{\"@context\":\"https:\/\/schema.org\",\"@graph\":[{\"@type\":\"WebPage\",\"@id\":\"https:\/\/elviaelectronics.com\/en\/mentions-legales\/\",\"url\":\"https:\/\/elviaelectronics.com\/en\/mentions-legales\/\",\"name\":\"Mentions L\u00e9gales - elvia electronics\",\"isPartOf\":{\"@id\":\"https:\/\/elviaelectronics.com\/en\/#website\"},\"datePublished\":\"2024-05-07T11:53:39+00:00\",\"dateModified\":\"2024-05-07T12:07:33+00:00\",\"breadcrumb\":{\"@id\":\"https:\/\/elviaelectronics.com\/en\/mentions-legales\/#breadcrumb\"},\"inLanguage\":\"en-US\",\"potentialAction\":[{\"@type\":\"ReadAction\",\"target\":[\"https:\/\/elviaelectronics.com\/en\/mentions-legales\/\"]}]},{\"@type\":\"BreadcrumbList\",\"@id\":\"https:\/\/elviaelectronics.com\/en\/mentions-legales\/#breadcrumb\",\"itemListElement\":[{\"@type\":\"ListItem\",\"position\":1,\"name\":\"Accueil\",\"item\":\"https:\/\/elviaelectronics.com\/en\/\"},{\"@type\":\"ListItem\",\"position\":2,\"name\":\"Mentions L\u00e9gales\"}]},{\"@type\":\"WebSite\",\"@id\":\"https:\/\/elviaelectronics.com\/en\/#website\",\"url\":\"https:\/\/elviaelectronics.com\/en\/\",\"name\":\"elvia electronics\",\"description\":\"YOUR ADVANCED PCB EXPERT\",\"potentialAction\":[{\"@type\":\"SearchAction\",\"target\":{\"@type\":\"EntryPoint\",\"urlTemplate\":\"https:\/\/elviaelectronics.com\/en\/?s={search_term_string}\"},\"query-input\":{\"@type\":\"PropertyValueSpecification\",\"valueRequired\":true,\"valueName\":\"search_term_string\"}}],\"inLanguage\":\"en-US\"}]}<\/script>\n<!-- \/ Yoast SEO plugin. -->","yoast_head_json":{"title":"Mentions L\u00e9gales - elvia electronics","robots":{"index":"noindex","follow":"nofollow"},"og_locale":"en_US","og_type":"article","og_title":"Mentions L\u00e9gales - elvia electronics","og_description":"Mentions l\u00e9gales Le site \u00ab Elvia PCB Group \u00bb ainsi que tous ses composants sont la propri\u00e9t\u00e9 de la soci\u00e9t\u00e9 Elvia PCB GroupSi\u00e8ge social : 1 avenue Ochsenfurt, 50200 COUTANCES FRANCET\u00e9l. +33(0)2 33 76 32 00Directeur de la publication : Madame C\u00e9line Giron ENGAGEMENT PRIS PAR LE SITE Le contenu du site respecte les lois [&hellip;]","og_url":"https:\/\/elviaelectronics.com\/en\/mentions-legales\/","og_site_name":"elvia electronics","article_modified_time":"2024-05-07T12:07:33+00:00","twitter_card":"summary_large_image","twitter_misc":{"Est. reading time":"5 minutes"},"schema":{"@context":"https:\/\/schema.org","@graph":[{"@type":"WebPage","@id":"https:\/\/elviaelectronics.com\/en\/mentions-legales\/","url":"https:\/\/elviaelectronics.com\/en\/mentions-legales\/","name":"Mentions L\u00e9gales - elvia electronics","isPartOf":{"@id":"https:\/\/elviaelectronics.com\/en\/#website"},"datePublished":"2024-05-07T11:53:39+00:00","dateModified":"2024-05-07T12:07:33+00:00","breadcrumb":{"@id":"https:\/\/elviaelectronics.com\/en\/mentions-legales\/#breadcrumb"},"inLanguage":"en-US","potentialAction":[{"@type":"ReadAction","target":["https:\/\/elviaelectronics.com\/en\/mentions-legales\/"]}]},{"@type":"BreadcrumbList","@id":"https:\/\/elviaelectronics.com\/en\/mentions-legales\/#breadcrumb","itemListElement":[{"@type":"ListItem","position":1,"name":"Accueil","item":"https:\/\/elviaelectronics.com\/en\/"},{"@type":"ListItem","position":2,"name":"Mentions L\u00e9gales"}]},{"@type":"WebSite","@id":"https:\/\/elviaelectronics.com\/en\/#website","url":"https:\/\/elviaelectronics.com\/en\/","name":"elvia electronics","description":"YOUR ADVANCED PCB EXPERT","potentialAction":[{"@type":"SearchAction","target":{"@type":"EntryPoint","urlTemplate":"https:\/\/elviaelectronics.com\/en\/?s={search_term_string}"},"query-input":{"@type":"PropertyValueSpecification","valueRequired":true,"valueName":"search_term_string"}}],"inLanguage":"en-US"}]}},"_links":{"self":[{"href":"https:\/\/elviaelectronics.com\/en\/wp-json\/wp\/v2\/pages\/8599","targetHints":{"allow":["GET"]}}],"collection":[{"href":"https:\/\/elviaelectronics.com\/en\/wp-json\/wp\/v2\/pages"}],"about":[{"href":"https:\/\/elviaelectronics.com\/en\/wp-json\/wp\/v2\/types\/page"}],"author":[{"embeddable":true,"href":"https:\/\/elviaelectronics.com\/en\/wp-json\/wp\/v2\/users\/1"}],"replies":[{"embeddable":true,"href":"https:\/\/elviaelectronics.com\/en\/wp-json\/wp\/v2\/comments?post=8599"}],"version-history":[{"count":2,"href":"https:\/\/elviaelectronics.com\/en\/wp-json\/wp\/v2\/pages\/8599\/revisions"}],"predecessor-version":[{"id":8602,"href":"https:\/\/elviaelectronics.com\/en\/wp-json\/wp\/v2\/pages\/8599\/revisions\/8602"}],"wp:attachment":[{"href":"https:\/\/elviaelectronics.com\/en\/wp-json\/wp\/v2\/media?parent=8599"}],"curies":[{"name":"wp","href":"https:\/\/api.w.org\/{rel}","templated":true}]}}